{"id":18,"date":"2019-09-09T16:58:08","date_gmt":"2019-09-09T14:58:08","guid":{"rendered":"http:\/\/ristorante-mario.chocoland.tv\/?page_id=18"},"modified":"2020-05-01T13:20:01","modified_gmt":"2020-05-01T11:20:01","slug":"ueber-mich","status":"publish","type":"page","link":"https:\/\/ristorante-mario.de\/?page_id=18","title":{"rendered":"\u00dcber uns"},"content":{"rendered":"\n<div class=\"wp-block-image\"><figure class=\"aligncenter\"><img loading=\"lazy\" decoding=\"async\" width=\"711\" height=\"1024\" src=\"http:\/\/ristorante-mario.chocoland.tv\/wp-content\/uploads\/2019\/10\/GruppenbildNeu2-711x1024.jpg\" alt=\"Gruppenbild\" class=\"wp-image-258\" srcset=\"https:\/\/ristorante-mario.de\/wp-content\/uploads\/2019\/10\/GruppenbildNeu2-711x1024.jpg 711w, https:\/\/ristorante-mario.de\/wp-content\/uploads\/2019\/10\/GruppenbildNeu2-208x300.jpg 208w, https:\/\/ristorante-mario.de\/wp-content\/uploads\/2019\/10\/GruppenbildNeu2-768x1107.jpg 768w, https:\/\/ristorante-mario.de\/wp-content\/uploads\/2019\/10\/GruppenbildNeu2-600x865.jpg 600w, https:\/\/ristorante-mario.de\/wp-content\/uploads\/2019\/10\/GruppenbildNeu2-300x432.jpg 300w, https:\/\/ristorante-mario.de\/wp-content\/uploads\/2019\/10\/GruppenbildNeu2.jpg 1152w\" sizes=\"auto, (max-width: 711px) 100vw, 711px\" \/><figcaption>Das Team, ein Herz und eine Seele<\/figcaption><\/figure><\/div>\n\n\n<p>\u00a0<\/p>\n<table class=\"values-table\">\n<tbody>\n<tr>\n<th class=\"about-values-title\" style=\"text-align: center;\" colspan=\"2\">\n<h1>Unser Versprechen an Sie<\/h1>\n<p>\u00a0<\/p>\n<hr \/><hr \/><\/th>\n<\/tr>\n<tr>\n<td style=\"text-align: center;\"><i class=\"fa fa-check-square-o\"><\/i><img loading=\"lazy\" decoding=\"async\" class=\"wp-image-391 aligncenter\" src=\"http:\/\/ristorante-mario.chocoland.tv\/wp-content\/uploads\/2020\/05\/TopfIcon1.png\" alt=\"\" width=\"67\" height=\"58\" \/><br \/><strong>H\u00f6chste Qualit\u00e4t<br \/><\/strong>\n<p>\u00a0<\/p>\n<p style=\"text-align: center;\">Unsere Zutaten werden sorgf\u00e4ltig und mit viel Liebe nach den h\u00f6chsten Standards und Vorschriften hergestellt.<\/p>\n<p>\u00a0<\/p>\n<\/td>\n<td style=\"text-align: center;\">\n<p><i class=\"fa fa-leaf\"><\/i><img loading=\"lazy\" decoding=\"async\" class=\"alignnone  wp-image-389\" src=\"http:\/\/ristorante-mario.chocoland.tv\/wp-content\/uploads\/2020\/05\/EatIcon2.png\" alt=\"\" width=\"56\" height=\"53\" \/><\/p>\n<p><strong>Verantwortung<\/strong><\/p>\n<p>\u00a0<\/p>\n<p style=\"text-align: center;\">\u00a0Es ist unsere Aufgabe diesen wundervollen Planeten, auf dem wir leben, zu besch\u00fctzen.<\/p>\n<p>\u00a0<\/p>\n<\/td>\n<\/tr>\n<tr>\n<td style=\"text-align: center;\">\n<p><img loading=\"lazy\" decoding=\"async\" class=\"alignnone  wp-image-390\" src=\"http:\/\/ristorante-mario.chocoland.tv\/wp-content\/uploads\/2020\/05\/gruppe.png\" alt=\"\" width=\"62\" height=\"55\" \/><\/p>\n<p><i class=\"fa fa-cogs\"><\/i><strong>Gemeinschaft<\/strong><\/p>\n<p>\u00a0<\/p>\n<p>Wir sch\u00e4tzen die Verbindungen, die wir in dieser wundervollen Gemeinschaft gekn\u00fcpft haben, und m\u00f6chten sie weiter ausbauen und pflegen.<\/p>\n<p>\u00a0<\/p>\n<\/td>\n<td style=\"text-align: center;\"><i class=\"fa fa-lightbulb-o\"><\/i><img loading=\"lazy\" decoding=\"async\" class=\"alignnone  wp-image-392\" src=\"http:\/\/ristorante-mario.chocoland.tv\/wp-content\/uploads\/2020\/05\/VeganMenuIcon.png\" alt=\"\" width=\"87\" height=\"80\" \/><br \/><strong>Innovation<\/strong>\n<p>\u00a0<\/p>\n<p style=\"text-align: center;\">Kreativit\u00e4t liegt uns Menschen im Blut. Wir finden st\u00e4ndig neue Wege.<\/p>\n<p>\u00a0<\/p>\n<\/td>\n<\/tr>\n<\/tbody>\n<\/table>\n<p><!--more--><\/p>\n<div class=\"testimonials-container\">\n<div class=\"container\">\u00a0<\/div>\n<\/div>\n\n\n<hr class=\"wp-block-separator\"\/>\n\n\n\n<hr class=\"wp-block-separator\"\/>\n\n\n\n<div class=\"wp-block-columns has-2-columns is-layout-flex wp-container-core-columns-is-layout-9d6595d7 wp-block-columns-is-layout-flex\">\n<div class=\"wp-block-column is-layout-flow wp-block-column-is-layout-flow\"><\/div>\n\n\n\n<div class=\"wp-block-column is-layout-flow wp-block-column-is-layout-flow\">\n<p><\/p>\n<\/div>\n<\/div>\n","protected":false},"excerpt":{"rendered":"<p>\u00a0 Unser Versprechen an Sie \u00a0 H\u00f6chste Qualit\u00e4t \u00a0 Unsere Zutaten werden sorgf\u00e4ltig und mit viel Liebe nach den h\u00f6chsten Standards und Vorschriften hergestellt. \u00a0 Verantwortung \u00a0 \u00a0Es ist unsere Aufgabe diesen wundervollen Planeten, auf dem wir leben, zu besch\u00fctzen. \u00a0 Gemeinschaft \u00a0 Wir sch\u00e4tzen die Verbindungen, die wir in dieser wundervollen Gemeinschaft gekn\u00fcpft haben, [&hellip;]<\/p>\n","protected":false},"author":1,"featured_media":141,"parent":0,"menu_order":0,"comment_status":"closed","ping_status":"closed","template":"template-full-width.php","meta":{"footnotes":""},"class_list":["post-18","page","type-page","status-publish","has-post-thumbnail","hentry"],"_links":{"self":[{"href":"https:\/\/ristorante-mario.de\/index.php?rest_route=\/wp\/v2\/pages\/18","targetHints":{"allow":["GET"]}}],"collection":[{"href":"https:\/\/ristorante-mario.de\/index.php?rest_route=\/wp\/v2\/pages"}],"about":[{"href":"https:\/\/ristorante-mario.de\/index.php?rest_route=\/wp\/v2\/types\/page"}],"author":[{"embeddable":true,"href":"https:\/\/ristorante-mario.de\/index.php?rest_route=\/wp\/v2\/users\/1"}],"replies":[{"embeddable":true,"href":"https:\/\/ristorante-mario.de\/index.php?rest_route=%2Fwp%2Fv2%2Fcomments&post=18"}],"version-history":[{"count":0,"href":"https:\/\/ristorante-mario.de\/index.php?rest_route=\/wp\/v2\/pages\/18\/revisions"}],"wp:featuredmedia":[{"embeddable":true,"href":"https:\/\/ristorante-mario.de\/index.php?rest_route=\/wp\/v2\/media\/141"}],"wp:attachment":[{"href":"https:\/\/ristorante-mario.de\/index.php?rest_route=%2Fwp%2Fv2%2Fmedia&parent=18"}],"curies":[{"name":"wp","href":"https:\/\/api.w.org\/{rel}","templated":true}]}}